{"id":42,"date":"2016-07-21T00:20:46","date_gmt":"2016-07-21T00:20:46","guid":{"rendered":"http:\/\/prevenassessoria.com.br\/portal\/?page_id=42"},"modified":"2018-10-29T13:47:00","modified_gmt":"2018-10-29T16:47:00","slug":"contatos","status":"publish","type":"page","link":"http:\/\/prevenassessoria.com.br\/portal\/contatos\/","title":{"rendered":"CONTATOS"},"content":{"rendered":"\n<h2>\nCONTATO@PREVENASSESSORIA.COM.BR\n<br>\nF: +55 (16) &#8211; 3612-4374\n<br>\nF: +55 (16) &#8211;&nbsp;9-9138-1124<\/h2>\n\n\n\n<hr><br><h2>Formul\u00e1rio para Contato<br><\/h2>\n\n\n<p>[contact-form-7 id=&#8221;200&#8243; title=&#8221;Contato-1&#8243;]<\/p>\n\n\n\n<hr class=\"wp-block-separator\"\/>\n\n\n\n<p>Localiza\u00e7\u00e3o<br>R.Constitui\u00e7\u00e3o ,194 &#8211; V.Tib\u00e9rio &#8211; Ribeir\u00e3o Preto &#8211; SP &#8211; 14050-470<br><\/p>\n<hr>\n\n\n\n<a href=\"https:\/\/goo.gl\/maps\/zAQix7zPYAT2\"><figure class=\"wp-block-image\"><img loading=\"lazy\" width=\"851\" height=\"883\" src=\"http:\/\/prevenassessoria.com.br\/portal\/wp-content\/uploads\/2018\/10\/mapa-rua-constituicao-1.jpg\" alt=\"\" class=\"wp-image-296\" srcset=\"http:\/\/prevenassessoria.com.br\/portal\/wp-content\/uploads\/2018\/10\/mapa-rua-constituicao-1.jpg 851w, http:\/\/prevenassessoria.com.br\/portal\/wp-content\/uploads\/2018\/10\/mapa-rua-constituicao-1-289x300.jpg 289w, http:\/\/prevenassessoria.com.br\/portal\/wp-content\/uploads\/2018\/10\/mapa-rua-constituicao-1-768x797.jpg 768w\" sizes=\"(max-width: 851px) 100vw, 851px\" \/><\/figure><\/a>\n\n\n\n<p><\/p>\n","protected":false},"excerpt":{"rendered":"<p>CONTATO@PREVENASSESSORIA.COM.BR F: +55 (16) &#8211; 3612-4374 F: +55 (16) &#8211;&nbsp;9-9138-1124&#8230; <\/p>\n","protected":false},"author":1,"featured_media":0,"parent":0,"menu_order":3,"comment_status":"closed","ping_status":"closed","template":"template-full-width.php","meta":[],"_links":{"self":[{"href":"http:\/\/prevenassessoria.com.br\/portal\/wp-json\/wp\/v2\/pages\/42"}],"collection":[{"href":"http:\/\/prevenassessoria.com.br\/portal\/wp-json\/wp\/v2\/pages"}],"about":[{"href":"http:\/\/prevenassessoria.com.br\/portal\/wp-json\/wp\/v2\/types\/page"}],"author":[{"embeddable":true,"href":"http:\/\/prevenassessoria.com.br\/portal\/wp-json\/wp\/v2\/users\/1"}],"replies":[{"embeddable":true,"href":"http:\/\/prevenassessoria.com.br\/portal\/wp-json\/wp\/v2\/comments?post=42"}],"version-history":[{"count":47,"href":"http:\/\/prevenassessoria.com.br\/portal\/wp-json\/wp\/v2\/pages\/42\/revisions"}],"predecessor-version":[{"id":300,"href":"http:\/\/prevenassessoria.com.br\/portal\/wp-json\/wp\/v2\/pages\/42\/revisions\/300"}],"wp:attachment":[{"href":"http:\/\/prevenassessoria.com.br\/portal\/wp-json\/wp\/v2\/media?parent=42"}],"curies":[{"name":"wp","href":"https:\/\/api.w.org\/{rel}","templated":true}]}}